{"id":1828,"date":"2020-10-31T00:31:59","date_gmt":"2020-10-31T00:31:59","guid":{"rendered":"http:\/\/www.pavc.si\/index.php\/mesmerize\/"},"modified":"2025-01-08T15:07:49","modified_gmt":"2025-01-08T15:07:49","slug":"mesmerize","status":"publish","type":"page","link":"https:\/\/www.pavc.si\/","title":{"rendered":"Front Page"},"content":{"rendered":"<div  data-label=\"Inox storitve\" data-id=\"features--1\" data-export-id=\"features-12\" data-category=\"features\" class=\"features-12 content-section content-section-spacing \" id=\"inox-storitve\" style=\"background-color: rgb(255, 255, 255); background-image: none;\"><div  class=\"gridContainer\"> <div  class=\"row text-center\"><div  class=\"section-title-col\" data-type=\"column\"> <h2  class=\"\">INOX OGRAJE KOVINARSTVO PAVC<\/h2> <p  class=\"lead\">Kovinarstvo Pavc z dolgoletno tradicijo in kvaliteto vam nudi inox ograje. Pra\u0161no barvane ograje, nadstre\u0161ke, notranje inox ograje, itd.. oglejte si na\u0161o spletno stran in prepri\u010dajte o ponudbi.<\/p><\/div> <\/div> <div  class=\"row spaced-cols\" data-type=\"row\"> <div  class=\"col-sm-6\"> <div  class=\"row space-bottom\"> <div  class=\"col-sm-fit icon-column\"> <a  data-cp-link=\"1\" href=\"#\" target=\"_self\" rel=\"noopener\"><i  class=\"fa icon color2 fa-angle-up reverse round\"><\/i><\/a> <\/div> <div  class=\"col-sm\" data-type=\"column\"> <h5  class=\"color2\">INOX ZUNANJE OGRAJE<\/h5> <p  class=\"\">Materiali, ki jih uporabljamo so \u017eelezo, aluminij in inox. Polnilo ograj je mo\u017eno kombinirati z lesom, plasti\u010dnimi polnili in drugimi materiali. <br ><br >Ob izbiri nove ograje ne smemo pozabiti, da imajo v prvi vrti varnostno vlogo. Balkonske, vrtne ali stopni\u0161\u010dne ograje morajo biti tudi funkcionalne, trajne, navsezadnje nam morajo biti tudi v\u0161e\u010d. Pri inox ograjah pa ne potrebujemo dodatnega vzdr\u017eevanja. Pra\u0161no barvane ograje lahko izbirate v barvah po Ral lestvici. Vsi materiali so kakovostni in s pridobljenim certifikatom.<\/p><a  class=\"button blue\" href=\"#kontaktirajte-nas\" target=\"_self\" data-cp-link=\"1\" rel=\"noopener noreferrer\">POVPRA\u0160EVANJE<\/a><\/div> <\/div><\/div> <div  class=\"col-sm-6\"><div  class=\"row space-bottom\"> <div  class=\"col-sm-fit icon-column\"><i  class=\"fa icon color2 fa-angle-up reverse round\"><\/i><\/div> <div  class=\"col-sm\" data-type=\"column\"><h5  class=\"color2\">PRA\u0160NO BARVANE INOX NOTRANJE OGRAJE<\/h5> <p  class=\"\">Zunanje in notranje inox, pra\u0161no barvane ali alu ograje izdelamo v skladu z va\u0161imi \u017eeljami. \n<br >\n<br ><br >Odlo\u010dite se lahko za vertikalno, horizontalno ali diagonalno postavljene inox cevi. Izbirate lahko med razli\u010dnimi oblikami cevi, okrogle, kvadratne ali pravokotne. Ograje lahko uporabite za razli\u010dne namene. <\/p><a  class=\"button blue\" href=\"https:\/\/www.pavc.si\/index.php\/kovinarstvo-pavc\/galerija\/zunanje-ograje\" target=\"_self\" data-cp-link=\"1\" rel=\"noopener noreferrer\">INOX OGRAJE<\/a><\/div> <\/div><\/div> <div  class=\"col-sm-6\"><div  class=\"row space-bottom\"> <div  class=\"col-sm-fit icon-column\"><i  class=\"fa icon color2 fa-angle-up reverse round\"><\/i><\/div> <div  class=\"col-sm\" data-type=\"column\"><h5  class=\"color2\">INOX KOVINSKI IZDELKI<\/h5><p  class=\"\"> Izdelava kovinskih izdelkov po naro\u010dilu.  Inox izdelki so vsestransko uporabni v gradbeni\u0161tvu, industriji, kmetijstvu in v mnogih drugih panogah.\n<br ><br >Gre namre\u010d za vzdr\u017eljive in odporne izdelke, ki bodo odli\u010dno prena\u0161ali razne obremenitve tudi v zahtevnej\u0161ih okoljih.  S premi\u0161ljenim na\u010drtovanjem in strokovno izvedbo izdelamo povsem prilagojene elemente. <\/p> <a  class=\"button blue\" href=\"#kontaktirajte-nas\" target=\"_self\" data-cp-link=\"1\" rel=\"noopener noreferrer\">POVRPA\u0160EVANJE<\/a><\/div> <\/div><\/div> <div  class=\"col-sm-6\"><div  class=\"row space-bottom\"> <div  class=\"col-sm-fit icon-column\"><i  class=\"fa icon color2 fa-angle-up reverse round\"><\/i><\/div> <div  class=\"col-sm\" data-type=\"column\"><h5  class=\"color2\">INOX NADSTRE\u0160KI<\/h5> <p  class=\"\">Glede na namen lo\u010dimo jeklene nadstre\u0161ke za avtomobile, nadstre\u0161ke za terase, vhodne nadstre\u0161ke, jeklene pergole. \n<br ><br >Konstrukcija je lahko stebrna ali konzolna, prav tako je lahko kritina iz razli\u010dnih materialov, steklo, polikarbonat, sika pvc folija. \n<br ><br >Nadstre\u0161ek lahko slu\u017ei ve\u010d namenom. Lahko je nadstre\u0161ek terase, balkona ali pergola pod katero pre\u017eivljamo \u010das zunaj hi\u0161e oziroma stanovanja varni smo pred padavinami in mo\u010dnim soncem.\n<br ><br >  Lahko slu\u017ei kot za\u0161\u010dita parkirnih mest za vozila ali pa kot nadstre\u0161ek pri vhodu v hi\u0161o. Nadstre\u0161ek je obenem dekorativen in olep\u0161a izgled zunanje okolice hi\u0161e. <\/p><a  class=\"button blue\" href=\"https:\/\/www.pavc.si\/index.php\/kovinarstvo-pavc\/galerija\/nadstreski-inox\" target=\"_self\" data-cp-link=\"1\" rel=\"noopener noreferrer\">NADSTRE\u0160KI INOX<\/a><\/div> <\/div><\/div> <\/div><\/div> <\/div><div  id=\"pavc\" style=\"background-color: rgb(255, 255, 255); background-image: none;\" data-label=\"Pavc\" data-id=\"about-images-right-section-mc\" data-export-id=\"about-images-right-section-mc\" data-bullets-visibility=\"true\" data-category=\"about\" class=\"about-images-right-section-mc content-section content-section-spacing\"><div  class=\"gridContainer\"> <div  class=\"row middle-sm text-center\"><div  class=\"col-sm-5 content-left-sm\" data-type=\"column\">  <h2  class=\"\">Kar PAVC<br > <span  style=\"font-family: Playfair Display,sans-serif; font-weight: 700; font-style: italic;\" href=\"#\">zavari<\/span> to dr\u017ei! <\/h2> <p  class=\"\">Na\u0161 slogan je kar \u201cPavc zavari to dr\u017ei!\u201d katerega se dr\u017eimo z kvaliteto, izku\u0161njami ve\u010d kot 25 let ter ogromno idejami oblike in vrst ograj. Zato nam lahko \u017ee danes po\u0161ljete povpra\u0161evanje mi pa vam bomo kar se da hitro poslali ugodno in kvalitetno ponudbo.<\/p> <a  class=\"button color1\" href=\"#kontaktirajte-nas\" target=\"_self\" data-cp-link=\"1\" rel=\"noopener noreferrer\">Po\u0161ljite povpra\u0161evanje<\/a><\/div> <div  class=\"col-sm-7 space-bottom-xs\"><div  class=\"image-group-side-3-img\"> <img  decoding=\"async\" class=\"topimg shadow-large\" src=\"http:\/\/www.pavc.si\/wp-content\/uploads\/2022\/02\/cropped-IMG_7307.jpeg\" alt=\"\" title=\"cropped-IMG_7307.jpeg\"> <img  decoding=\"async\" class=\"rightimg shadow-large\" src=\"http:\/\/www.pavc.si\/wp-content\/uploads\/2022\/01\/cropped-IMG_7139-4.jpeg\" alt=\"\" title=\"cropped-IMG_7139-4.jpeg\"> <div  class=\"leftimg\"> <img  decoding=\"async\" class=\"shadow-large\" src=\"http:\/\/www.pavc.si\/wp-content\/uploads\/2022\/01\/cropped-IMG_7617.jpeg\" alt=\"\" title=\"cropped-IMG_7617.jpeg\"><\/div> <\/div><\/div> <\/div><\/div> <\/div><div  data-label=\"Pavc kvaliteta\" data-id=\"counters--1\" data-export-id=\"counters-2\" data-category=\"counters\" class=\"counters-2 content-section content-section-spacing\" id=\"pavc-kvaliteta\" style=\"background-color: rgb(255, 255, 255); background-image: none;\"><div  class=\"gridContainer\"> <div  class=\"row text-center\"><div  class=\"section-title-col\" data-type=\"column\">  <\/div> <\/div> <div  class=\"row\" data-type=\"row\"> <div  class=\"col-xs-12 col-sm-4 text-center space-bottom\"> <i  class=\"fa icon color1 fa-line-chart\"><\/i> <h3  class=\"font-400\" data-min=\"0\" data-max=\"28\" data-duration=\"2000\" data-prefix=\"\" data-suffix=\"LET\" data-countup=\"true\" style=\"display: inline-block;\"><\/h3> <h5  class=\"upper color2\">IZKU\u0160ENJ<\/h5><\/div> <div  class=\"col-xs-12 col-sm-4 text-center space-bottom\"><i  class=\"fa fa-smile-o icon color1\"><\/i> <h3  class=\"font-400\" data-min=\"0\" data-max=\"1500\" data-duration=\"2000\" data-prefix=\"\" data-suffix=\"\" data-countup=\"true\" style=\"display: inline-block;\"><\/h3> <h5  class=\"upper color2\">ZADOVOLJNIH STRANK<\/h5><\/div> <div  class=\"col-xs-12 col-sm-4 text-center space-bottom\"><i  class=\"fa icon color1 fa-list-ul\"><\/i> <h3  class=\"font-400\" data-min=\"0\" data-max=\"45\" data-duration=\"2000\" data-prefix=\"\" data-suffix=\" VRST\" data-countup=\"true\" style=\"display: inline-block;\"><\/h3> <h5  class=\"upper color2\">INOX OGRAJ<\/h5><\/div> <\/div><\/div> <\/div><div  data-label=\"Zadnje reference\" data-id=\"portfolio--1\" data-export-id=\"portfolio-4\" data-category=\"portfolio\" class=\"portfolio-4 content-section content-section-spacing-top\" id=\"zadnje-reference\" style=\"background-color: rgb(255, 255, 255); background-image: none;\"><div  class=\"\"> <div  class=\"row text-center\"><div  class=\"section-title-col\" data-type=\"column\"> <h2  class=\"\">Zadnji projekti<\/h2> <\/div> <\/div> <div  data-type=\"row\" class=\"row\" data-fixed=\"true\"> <div  class=\"col-xs-12 col-sm-3 no-gutter-col\"> <div  class=\"contentswap-effect\" data-hover-fx=\"portfolio-4\"> <div  class=\"initial-image\"> <img  decoding=\"async\" data-size=\"542x360\" src=\"http:\/\/www.pavc.si\/wp-content\/uploads\/2022\/01\/cropped-IMG_7617-1.jpeg\"><\/div> <div  class=\"overlay bg-color1\"><\/div> <div  class=\"swap-inner col-xs-12\"> <div  class=\"row full-height-row middle-xs middle-sm\"> <div  class=\"col-xs-12 text-center content-holder\"> <a  href=\"https:\/\/www.pavc.si\/index.php\/kovinarstvo-pavc\/galerija\/zunanje-ograje\" target=\"_self\" rel=\"noopener noreferrer\" class=\"\"><i  class=\"fa icon portfolio-icon fa-search big\" aria-hidden=\"true\"><\/i><\/a><\/div> <\/div><\/div> <\/div><\/div> <div  class=\"col-xs-12 col-sm-3 no-gutter-col\"><div  class=\"contentswap-effect\" data-hover-fx=\"portfolio-4\"> <div  class=\"initial-image\"> <img  decoding=\"async\" data-size=\"542x360\" src=\"http:\/\/www.pavc.si\/wp-content\/uploads\/2022\/01\/cropped-IMG_7642-1.jpeg\"><\/div> <div  class=\"overlay bg-color1\"><\/div> <div  class=\"swap-inner col-xs-12\"> <div  class=\"row full-height-row middle-xs middle-sm\"> <div  class=\"col-xs-12 text-center content-holder\"> <a  href=\"https:\/\/www.pavc.si\/index.php\/kovinarstvo-pavc\/galerija\/zunanje-ograje\" target=\"_self\" rel=\"noopener noreferrer\" class=\"\"><i  class=\"fa icon portfolio-icon fa-search big\" aria-hidden=\"true\"><\/i><\/a><\/div> <\/div><\/div> <\/div><\/div> <div  class=\"col-xs-12 col-sm-3 no-gutter-col\"><div  class=\"contentswap-effect\" data-hover-fx=\"portfolio-4\"> <div  class=\"initial-image\"> <img  decoding=\"async\" data-size=\"542x360\" src=\"http:\/\/www.pavc.si\/wp-content\/uploads\/2022\/01\/cropped-IMG_6274-2.jpeg\"><\/div> <div  class=\"overlay bg-color1\"><\/div> <div  class=\"swap-inner col-xs-12\"> <div  class=\"row full-height-row middle-xs middle-sm\"> <div  class=\"col-xs-12 text-center content-holder\"> <a  href=\"https:\/\/www.pavc.si\/index.php\/kovinarstvo-pavc\/galerija\/zunanje-ograje\" target=\"_self\" rel=\"noopener noreferrer\" class=\"\"><i  class=\"fa icon portfolio-icon fa-search big\" aria-hidden=\"true\"><\/i><\/a><\/div> <\/div><\/div> <\/div><\/div> <div  class=\"col-xs-12 col-sm-3 no-gutter-col\"><div  class=\"contentswap-effect\" data-hover-fx=\"portfolio-4\"> <div  class=\"initial-image\"> <img  decoding=\"async\" data-size=\"542x360\" src=\"http:\/\/www.pavc.si\/wp-content\/uploads\/2022\/01\/cropped-IMG_5970.jpeg\"><\/div> <div  class=\"overlay bg-color1\"><\/div> <div  class=\"swap-inner col-xs-12\"> <div  class=\"row full-height-row middle-xs middle-sm\"> <div  class=\"col-xs-12 text-center content-holder\"> <a  href=\"https:\/\/www.pavc.si\/index.php\/kovinarstvo-pavc\/galerija\/zunanje-ograje\" target=\"_self\" rel=\"noopener noreferrer\" class=\"\"><i  class=\"fa icon portfolio-icon fa-search big\" aria-hidden=\"true\"><\/i><\/a><\/div> <\/div><\/div> <\/div><\/div> <div  class=\"col-xs-12 col-sm-3 no-gutter-col\"><div  class=\"contentswap-effect\" data-hover-fx=\"portfolio-4\"> <div  class=\"initial-image\"> <img  decoding=\"async\" data-size=\"542x360\" src=\"http:\/\/www.pavc.si\/wp-content\/uploads\/2022\/02\/cropped-IMG_7307-1.jpeg\"><\/div> <div  class=\"overlay bg-color1\"><\/div> <div  class=\"swap-inner col-xs-12\"> <div  class=\"row full-height-row middle-xs middle-sm\"> <div  class=\"col-xs-12 text-center content-holder\"> <a  href=\"https:\/\/www.pavc.si\/index.php\/kovinarstvo-pavc\/galerija\/notranje-ograje\" target=\"_self\" rel=\"noopener noreferrer\" class=\"\"><i  class=\"fa icon portfolio-icon fa-search big\" aria-hidden=\"true\"><\/i><\/a><\/div> <\/div><\/div> <\/div><\/div> <div  class=\"col-xs-12 col-sm-3 no-gutter-col\"><div  class=\"contentswap-effect\" data-hover-fx=\"portfolio-4\"> <div  class=\"initial-image\"> <img  decoding=\"async\" data-size=\"542x360\" src=\"http:\/\/www.pavc.si\/wp-content\/uploads\/2022\/01\/cropped-IMG_7139.jpeg\"><\/div> <div  class=\"overlay bg-color1\"><\/div> <div  class=\"swap-inner col-xs-12\"> <div  class=\"row full-height-row middle-xs middle-sm\"> <div  class=\"col-xs-12 text-center content-holder\"> <a  href=\"https:\/\/www.pavc.si\/index.php\/kovinarstvo-pavc\/galerija\/notranje-ograje\" target=\"_self\" rel=\"noopener noreferrer\" class=\"\"><i  class=\"fa icon portfolio-icon fa-search big\" aria-hidden=\"true\"><\/i><\/a><\/div> <\/div><\/div> <\/div><\/div> <div  class=\"col-xs-12 col-sm-3 no-gutter-col\"><div  class=\"contentswap-effect\" data-hover-fx=\"portfolio-4\"> <div  class=\"initial-image\"> <img  decoding=\"async\" data-size=\"542x360\" src=\"http:\/\/www.pavc.si\/wp-content\/uploads\/2022\/01\/cropped-IMG_7148.jpeg\"><\/div> <div  class=\"overlay bg-color1\"><\/div> <div  class=\"swap-inner col-xs-12\"> <div  class=\"row full-height-row middle-xs middle-sm\"> <div  class=\"col-xs-12 text-center content-holder\"> <a  href=\"https:\/\/www.pavc.si\/index.php\/kovinarstvo-pavc\/galerija\/notranje-ograje\" target=\"_self\" rel=\"noopener noreferrer\" class=\"\"><i  class=\"fa icon portfolio-icon fa-search big\" aria-hidden=\"true\"><\/i><\/a><\/div> <\/div><\/div> <\/div><\/div> <div  class=\"col-xs-12 col-sm-3 no-gutter-col\"><div  class=\"contentswap-effect\" data-hover-fx=\"portfolio-4\"> <div  class=\"initial-image\"> <img  decoding=\"async\" data-size=\"542x360\" src=\"http:\/\/www.pavc.si\/wp-content\/uploads\/2022\/01\/cropped-IMG_7700.jpeg\"><\/div> <div  class=\"overlay bg-color1\"><\/div> <div  class=\"swap-inner col-xs-12\"> <div  class=\"row full-height-row middle-xs middle-sm\"> <div  class=\"col-xs-12 text-center content-holder\"> <a  href=\"https:\/\/www.pavc.si\/index.php\/kovinarstvo-pavc\/galerija\/zunanje-ograje\" target=\"_self\" rel=\"noopener noreferrer\" class=\"\"><i  class=\"fa icon portfolio-icon fa-search big\" aria-hidden=\"true\"><\/i><\/a><\/div> <\/div><\/div> <\/div><\/div> <\/div><\/div> <\/div><div  data-label=\"Ideje za dom\" data-id=\"features--2\" data-export-id=\"features-16\" data-category=\"features\" class=\"features-16 content-section content-section-spacing\" id=\"ideje-za-dom\" style=\"background-color: rgb(255, 255, 255);\"><div  class=\"gridContainer\"> <div  class=\"row text-center\"><div  class=\"section-title-col\" data-type=\"column\"> <h2  class=\"\">Ideje za DOM<\/h2> <p  class=\"lead\">V podjetju INOX izdelki PAVC vam damo tudi nasvete kako si&nbsp; popestriti z inox izdeki va\u0161 dom.<\/p><\/div> <\/div> <div  class=\"row spaced-cols\" data-type=\"row\"> <div  class=\"col-xs-12 col-sm-6 col-md-4 space-bottom\"> <a  data-cp-link=\"1\" href=\"#\" target=\"_self\" rel=\"noopener noreferrer\"><img  decoding=\"async\" class=\"face\" src=\"http:\/\/www.pavc.si\/wp-content\/uploads\/2020\/11\/cropped-Podstavek-za-leseno-mizo.jpg\" alt=\"\" title=\"cropped-ostalo_2.jpg\"><\/a> <div  data-type=\"column\" class=\"col-padding-small col-padding-small-xs description-container\"> <h4  class=\"font-500\">Moderna miza v jedilnici<\/h4> <p  class=\"\">Dobre&nbsp;ideje za dom&nbsp;so preproste za izvedbo in izbolj\u0161ajo interier ter dom.\n<br ><br > vir: pinterest.com<\/p> <\/div> <\/div> <div  class=\"col-xs-12 col-sm-6 col-md-4 space-bottom\"> <a  data-cp-link=\"1\" href=\"#\" target=\"_self\" rel=\"noopener noreferrer\"><img  decoding=\"async\" class=\"face\" src=\"http:\/\/www.pavc.si\/wp-content\/uploads\/2020\/11\/cropped-Predelna-stena.jpg\" alt=\"\" title=\"cropped-cvetlicnik_1.jpg\"><\/a> <div  data-type=\"column\" class=\"col-padding-small col-padding-small-xs description-container\"> <h4  class=\"font-500\">Pra\u0161no barvana pregrada<\/h4> <p  class=\"\">Dobre ideje za dom so preproste za izvedbo in izbolj\u0161ajo interier ter dom.<br ><br >vir: pinterest.com<\/p> <\/div> <\/div> <div  class=\"col-xs-12 col-sm-6 col-md-4 space-bottom\"> <a  data-cp-link=\"1\" href=\"#\" target=\"_self\" rel=\"noopener noreferrer\"><img  decoding=\"async\" class=\"face\" src=\"http:\/\/www.pavc.si\/wp-content\/uploads\/2020\/11\/cropped-Notranje-stopnice.jpg\" alt=\"\" title=\"cropped-pokrov_4.jpg\"><\/a> <div  data-type=\"column\" class=\"col-padding-small col-padding-small-xs description-container\"> <h4  class=\"font-500\">Kovinske notraje stopnice<\/h4> <p  class=\"\">Dobre ideje za dom so preproste za izvedbo in izbolj\u0161ajo interier ter dom.<br ><br >vir: pinterest.com<\/p> <\/div> <\/div><\/div> <\/div><\/div><div  data-label=\"Reference\" data-id=\"clients--1\" data-export-id=\"clients-1\" data-category=\"clients\" class=\"clients-1 content-section content-section-spacing\" id=\"reference\" style=\"background-color: rgb(255, 255, 255); background-image: none;\"><div  class=\"gridContainer\"> <div  class=\"row middle-sm\"><div  data-type=\"column\" class=\"col-sm-6 space-bottom-xs\"> <h2  class=\"font-700\">Reference<\/h2> <p  class=\"lead\">V veliko veselje nam je da nam zaupajo velika podjetja kot so:<\/p><\/div> <div  class=\"col-sm-6\"><div  data-type=\"row\" class=\"row spaced-cols center-xs padding-lr\"> <div  class=\"col-xs-3\"> <a  data-cp-link=\"1\" href=\"#\" class=\"\" target=\"_self\" rel=\"noopener noreferrer\"><img  decoding=\"async\" src=\"http:\/\/www.pavc.si\/wp-content\/uploads\/2020\/11\/cropped-novi-logo.png\" class=\"desaturate\"><\/a><\/div> <div  class=\"col-xs-3\"> <img  decoding=\"async\" src=\"http:\/\/www.pavc.si\/wp-content\/uploads\/2020\/11\/cropped-Krka_company_logo.svg_.png\" class=\"desaturate\" alt=\"\" title=\"cropped-Krka_company_logo.svg_.png\"><\/div> <div  class=\"col-xs-3\"> <a  data-cp-link=\"1\" href=\"#\" class=\"\" target=\"_self\" rel=\"noopener noreferrer\"><img  decoding=\"async\" src=\"http:\/\/www.pavc.si\/wp-content\/uploads\/2020\/11\/cropped-index-1.jpg\" class=\"desaturate\"><\/a><\/div> <div  class=\"col-xs-3\"> <img  decoding=\"async\" src=\"http:\/\/www.pavc.si\/wp-content\/uploads\/2020\/11\/cropped-Dana_ODani_Logotipi_496x496_496x280Logo_2005Dalje-1-1.png\" class=\"desaturate\" alt=\"\" title=\"cropped-Dana_ODani_Logotipi_496x496_496x280Logo_2005Dalje-1-1.png\"><\/div> <div  class=\"col-xs-3\"> <a  data-cp-link=\"1\" href=\"#\" class=\"\" target=\"_self\" rel=\"noopener noreferrer\"><img  decoding=\"async\" src=\"http:\/\/www.pavc.si\/wp-content\/uploads\/2022\/02\/cropped-1200px-Grb_Ob\u010dine_Trebnje-2.jpg\" class=\"desaturate\"><\/a><\/div><div  class=\"col-xs-3\"> <a  data-cp-link=\"1\" href=\"#\" class=\"\" target=\"_self\" rel=\"noopener noreferrer\"><img  decoding=\"async\" src=\"http:\/\/www.pavc.si\/wp-content\/uploads\/2020\/11\/cropped-logo-noga-2.png\" class=\"desaturate\"><\/a><\/div><div  class=\"col-xs-3\"> <a  data-cp-link=\"1\" href=\"#\" class=\"\" target=\"_self\" rel=\"noopener noreferrer\"><img  decoding=\"async\" src=\"http:\/\/www.pavc.si\/wp-content\/uploads\/2020\/11\/cropped-droga_zaupajonam_tom_servis.jpg\" class=\"desaturate\"><\/a><\/div><div  class=\"col-xs-3\"> <a  data-cp-link=\"1\" href=\"#\" class=\"\" target=\"_self\" rel=\"noopener noreferrer\"><img  decoding=\"async\" src=\"http:\/\/www.pavc.si\/wp-content\/uploads\/2020\/11\/cropped-Trimo_logo.jpg\" class=\"desaturate\"><\/a><\/div><div  class=\"col-xs-3\"> <a  data-cp-link=\"1\" href=\"#\" class=\"\" target=\"_self\" rel=\"noopener noreferrer\"><img  decoding=\"async\" src=\"http:\/\/www.pavc.si\/wp-content\/uploads\/2020\/11\/cropped-rem-logo-1.png\" class=\"desaturate\"><\/a><\/div><div  class=\"col-xs-3\"> <a  data-cp-link=\"1\" href=\"#\" class=\"\" target=\"_self\" rel=\"noopener noreferrer\"><img  decoding=\"async\" src=\"http:\/\/www.pavc.si\/wp-content\/uploads\/2020\/11\/cropped-index.png\" class=\"desaturate\"><\/a><\/div><div  class=\"col-xs-3\"> <a  data-cp-link=\"1\" href=\"#\" class=\"\" target=\"_self\" rel=\"noopener noreferrer\"><img  decoding=\"async\" src=\"http:\/\/www.pavc.si\/wp-content\/uploads\/2022\/02\/cropped-tehnika2020_PNG.png\" class=\"desaturate\"><\/a><\/div><div  class=\"col-xs-3\"> <a  data-cp-link=\"1\" href=\"#\" class=\"\" target=\"_self\" rel=\"noopener noreferrer\"><img  decoding=\"async\" src=\"http:\/\/www.pavc.si\/wp-content\/uploads\/2022\/02\/cropped-topdom.png\" class=\"desaturate\"><\/a><\/div><\/div><\/div> <\/div><\/div> <\/div><div  id=\"kontaktirajte-nas\" style=\"background-color: rgb(255, 255, 255); background-image: url(&quot;http:\/\/www.pavc.si\/wp-content\/uploads\/2016\/04\/20160317_103306.jpg&quot;); background-size: cover; background-position: center top;\" data-label=\"Kontaktirajte nas\" data-id=\"contact-1-mc\" data-export-id=\"contact-1-mc\" data-category=\"contact\" class=\"contact-1-mc content-section content-section-spacing white-text\" data-parallax-depth=\"20\" data-bullets-visibility=\"true\"><div  class=\"gridContainer\"> <div  class=\"row text-center\"><div  class=\"section-title-col\" data-type=\"column\"> <h5  class=\"\">VSTOPITE V KONTAKT Z NAMI<\/h5> <h2  class=\"\">Kontaktirajte nas<\/h2> <p  class=\"lead\">Imate za nas povpra\u0161evanje, kontaktirajte nas ali pa nas preprosto pokli\u010dite na 041 577 451- Robert<\/p><\/div> <\/div> <div  class=\"row text-center\"> <div  class=\"col-xs-12 col-sm-8 col-sm-offset-2 contact-form-wrapper inline-info\"> <div  class=\"card large-padding\"> <div  class=\"\" data-content-shortcode=\"mesmerize_contact_form shortcode=&quot;wpforms id=&amp;amp;quot;1852&amp;amp;quot; title=&amp;amp;quot;false&amp;amp;quot; description=&amp;amp;quot;false&amp;amp;quot;&quot;\" data-editable=\"true\"><div class=\"wpforms-container wpforms-container-full\" id=\"wpforms-1852\"><form id=\"wpforms-form-1852\" class=\"wpforms-validate wpforms-form\" data-formid=\"1852\" method=\"post\" enctype=\"multipart\/form-data\" action=\"\/index.php\/wp-json\/wp\/v2\/pages\/1828\" data-token=\"3445ffeaa8e2c38bc7e5a6f7fcca2ebd\"><noscript class=\"wpforms-error-noscript\">Please enable JavaScript in your browser to complete this form.<\/noscript><div class=\"wpforms-field-container\"><div id=\"wpforms-1852-field_0-container\" class=\"wpforms-field wpforms-field-name\" data-field-id=\"0\"><label class=\"wpforms-field-label\" for=\"wpforms-1852-field_0\">Ime <span class=\"wpforms-required-label\">*<\/span><\/label><input type=\"text\" id=\"wpforms-1852-field_0\" class=\"wpforms-field-small wpforms-field-required\" name=\"wpforms[fields][0]\" required><\/div><div id=\"wpforms-1852-field_1-container\" class=\"wpforms-field wpforms-field-email\" data-field-id=\"1\"><label class=\"wpforms-field-label\" for=\"wpforms-1852-field_1\">Email <span class=\"wpforms-required-label\">*<\/span><\/label><input type=\"email\" id=\"wpforms-1852-field_1\" class=\"wpforms-field-medium wpforms-field-required\" name=\"wpforms[fields][1]\" required><\/div><div id=\"wpforms-1852-field_2-container\" class=\"wpforms-field wpforms-field-textarea\" data-field-id=\"2\"><label class=\"wpforms-field-label\" for=\"wpforms-1852-field_2\">Povpra\u0161evanje <span class=\"wpforms-required-label\">*<\/span><\/label><textarea id=\"wpforms-1852-field_2\" class=\"wpforms-field-medium wpforms-field-required\" name=\"wpforms[fields][2]\" required><\/textarea><\/div><\/div><div class=\"wpforms-submit-container\" ><input type=\"hidden\" name=\"wpforms[id]\" value=\"1852\"><input type=\"hidden\" name=\"wpforms[author]\" value=\"1\"><button type=\"submit\" name=\"wpforms[submit]\" class=\"wpforms-submit \" id=\"wpforms-submit-1852\" value=\"wpforms-submit\" aria-live=\"assertive\" data-alt-text=\"Po\u0161iljanje...\" data-submit-text=\"Po\u0161lji\">Po\u0161lji<\/button><\/div><\/form><\/div>  <!-- .wpforms-container --><\/div><\/div> <\/div><\/div> <\/div><\/div><div  data-label=\"Cta\" data-id=\"cta--1\" data-export-id=\"cta-blue-section-mc\" data-category=\"cta\" class=\"cta-blue-section-mc content-section content-section-spacing le_cocktail white-text\" id=\"cta-1\" style=\"background-color: rgb(245, 250, 253);\"><div  class=\"gridContainer\"> <div  class=\"row middle-xs\"><div  class=\"col-sm-8 space-bottom-xs\" data-type=\"column\"> <h2  class=\"\">INOX ograje v sodelovanju z MOJMOJSTER.<span  class=\"font-300\"><\/span><\/h2> <\/div> <div  class=\"col-sm-4 end-sm\" data-type=\"column\"> <a  class=\"button color2\" href=\"https:\/\/www.mojmojster.net\/clanek\/879\/Zunanja_inox_ograja\" target=\"_blank\" data-cp-link=\"1\" rel=\"noopener noreferrer\">MOJMOJSTER.net<\/a><\/div> <\/div><\/div> <\/div>","protected":false},"excerpt":{"rendered":"<p>INOX OGRAJE KOVINARSTVO PAVC Kovinarstvo Pavc z dolgoletno tradicijo in kvaliteto vam nudi inox ograje. Pra\u0161no barvane ograje, nadstre\u0161ke, notranje inox ograje, itd.. oglejte si na\u0161o spletno stran in prepri\u010dajte o ponudbi. INOX ZUNANJE OGRAJE Materiali, ki jih uporabljamo so \u017eelezo, aluminij in inox. Polnilo ograj je mo\u017eno kombinirati z lesom, plasti\u010dnimi polnili in drugimi&hellip; <br \/> <a class=\"read-more\" href=\"https:\/\/www.pavc.si\/\">Read more<\/a><\/p>\n","protected":false},"author":1,"featured_media":0,"parent":0,"menu_order":0,"comment_status":"closed","ping_status":"closed","template":"page-templates\/homepage.php","meta":{"footnotes":""},"class_list":["post-1828","page","type-page","status-publish","hentry"],"_links":{"self":[{"href":"https:\/\/www.pavc.si\/index.php\/wp-json\/wp\/v2\/pages\/1828","targetHints":{"allow":["GET"]}}],"collection":[{"href":"https:\/\/www.pavc.si\/index.php\/wp-json\/wp\/v2\/pages"}],"about":[{"href":"https:\/\/www.pavc.si\/index.php\/wp-json\/wp\/v2\/types\/page"}],"author":[{"embeddable":true,"href":"https:\/\/www.pavc.si\/index.php\/wp-json\/wp\/v2\/users\/1"}],"replies":[{"embeddable":true,"href":"https:\/\/www.pavc.si\/index.php\/wp-json\/wp\/v2\/comments?post=1828"}],"version-history":[{"count":48,"href":"https:\/\/www.pavc.si\/index.php\/wp-json\/wp\/v2\/pages\/1828\/revisions"}],"predecessor-version":[{"id":2937,"href":"https:\/\/www.pavc.si\/index.php\/wp-json\/wp\/v2\/pages\/1828\/revisions\/2937"}],"wp:attachment":[{"href":"https:\/\/www.pavc.si\/index.php\/wp-json\/wp\/v2\/media?parent=1828"}],"curies":[{"name":"wp","href":"https:\/\/api.w.org\/{rel}","templated":true}]}}