{"id":15,"date":"2014-03-02T20:38:05","date_gmt":"2014-03-02T20:38:05","guid":{"rendered":"http:\/\/www.pavc.si\/?page_id=15"},"modified":"2020-11-20T15:34:22","modified_gmt":"2020-11-20T15:34:22","slug":"reference","status":"publish","type":"page","link":"https:\/\/www.pavc.si\/index.php\/kovinarstvo-pavc\/reference\/","title":{"rendered":"Reference"},"content":{"rendered":"<p align=\"JUSTIFY\"><span style=\"color: #e7e7e7;\"><span style=\"font-size: medium;\">Smo podjetje z dolgoletnimi izku\u0161njami s kovinarski panogi. Uspe\u0161ni smo pri oblikovanju re\u0161itev, ki zadovoljujejo specifi\u010dne potrebe naro\u010dnikov. Na\u0161e poslanstvo je uresni\u010devanje vizije kupca. Za nas pa so pomembni tudi zadovoljni sodelavci s katerimi pi\u0161emo uspe\u0161ne zgodbe. V V veselje nam je, da lahko sodelujemo s slehernimi posamezniki in tudi ve\u010djimi podjetji.<\/span><\/span><\/p>\n<ul>\n<li><span style=\"color: #e7e7e7;\">Trimo<\/span><\/li>\n<li><span style=\"color: #e7e7e7;\">Akripol<\/span><\/li>\n<li><span style=\"color: #e7e7e7;\">Dana<\/span><\/li>\n<li><span style=\"color: #e7e7e7;\">Droga Kolinska<\/span><\/li>\n<li><span style=\"color: #e7e7e7;\">Greda<\/span><\/li>\n<li><span style=\"color: #e7e7e7;\">Krka<\/span><\/li>\n<li><span style=\"color: #e7e7e7;\">Vrtec Mavrica Trebnje<\/span><\/li>\n<li><span style=\"color: #e7e7e7;\">Vrtec Ivan\u010dna Gorica<\/span><\/li>\n<li><span style=\"color: #e7e7e7;\">Terca<\/span><\/li>\n<li><span style=\"color: #e7e7e7;\">DSO Trebnje<\/span><\/li>\n<li><span style=\"color: #e7e7e7;\">Monta\u017ea \u0160kerjanec<\/span><\/li>\n<li><span style=\"color: #e7e7e7;\">Komunala Trebnje<\/span><\/li>\n<li><span style=\"color: #e7e7e7;\">O\u0160 Trebnje<\/span><\/li>\n<li><span style=\"color: #e7e7e7;\">druga manj\u0161a podjetja in obrtniki, zasebniki<\/span><\/li>\n<li><span style=\"color: #e7e7e7;\">REM<\/span><\/li>\n<\/ul>\n","protected":false},"excerpt":{"rendered":"<p>Smo podjetje z dolgoletnimi izku\u0161njami s kovinarski panogi. Uspe\u0161ni smo pri oblikovanju re\u0161itev, ki zadovoljujejo specifi\u010dne potrebe naro\u010dnikov. Na\u0161e poslanstvo je uresni\u010devanje vizije kupca. Za nas pa so pomembni tudi zadovoljni sodelavci s katerimi pi\u0161emo uspe\u0161ne zgodbe. V V veselje nam je, da lahko sodelujemo s slehernimi posamezniki in tudi ve\u010djimi podjetji. Trimo Akripol Dana&hellip; <br \/> <a class=\"read-more\" href=\"https:\/\/www.pavc.si\/index.php\/kovinarstvo-pavc\/reference\/\">Read more<\/a><\/p>\n","protected":false},"author":1,"featured_media":0,"parent":2,"menu_order":0,"comment_status":"closed","ping_status":"open","template":"","meta":{"footnotes":""},"class_list":["post-15","page","type-page","status-publish","hentry"],"_links":{"self":[{"href":"https:\/\/www.pavc.si\/index.php\/wp-json\/wp\/v2\/pages\/15","targetHints":{"allow":["GET"]}}],"collection":[{"href":"https:\/\/www.pavc.si\/index.php\/wp-json\/wp\/v2\/pages"}],"about":[{"href":"https:\/\/www.pavc.si\/index.php\/wp-json\/wp\/v2\/types\/page"}],"author":[{"embeddable":true,"href":"https:\/\/www.pavc.si\/index.php\/wp-json\/wp\/v2\/users\/1"}],"replies":[{"embeddable":true,"href":"https:\/\/www.pavc.si\/index.php\/wp-json\/wp\/v2\/comments?post=15"}],"version-history":[{"count":11,"href":"https:\/\/www.pavc.si\/index.php\/wp-json\/wp\/v2\/pages\/15\/revisions"}],"predecessor-version":[{"id":2140,"href":"https:\/\/www.pavc.si\/index.php\/wp-json\/wp\/v2\/pages\/15\/revisions\/2140"}],"up":[{"embeddable":true,"href":"https:\/\/www.pavc.si\/index.php\/wp-json\/wp\/v2\/pages\/2"}],"wp:attachment":[{"href":"https:\/\/www.pavc.si\/index.php\/wp-json\/wp\/v2\/media?parent=15"}],"curies":[{"name":"wp","href":"https:\/\/api.w.org\/{rel}","templated":true}]}}